{"id":3764,"date":"2018-09-11T12:02:42","date_gmt":"2018-09-11T12:02:42","guid":{"rendered":"https:\/\/tatapack.com\/?page_id=3764"},"modified":"2023-12-15T15:26:20","modified_gmt":"2023-12-15T07:26:20","slug":"cookie-policy","status":"publish","type":"page","link":"https:\/\/tatapack.com\/de\/cookie-policy\/","title":{"rendered":"Cookie-Richtlinie"},"content":{"rendered":"<h2 class=\"wp-block-heading\" id=\"how-tatapck-uses-cookies\">WIE TATAPCK COOKIES VERWENDET<\/h2>\n\n\n\n<p>Ein Cookie ist eine kleine Datei, die um Erlaubnis bittet, auf der Festplatte Ihres Computers gespeichert zu werden. Wenn Sie zustimmen, wird die Datei hinzugef\u00fcgt und das Cookie hilft bei der Analyse des Webverkehrs oder informiert Sie, wenn Sie eine bestimmte Website besuchen. Cookies erm\u00f6glichen es Webanwendungen, auf Sie als Individuum einzugehen. Die Webanwendung kann ihren Betrieb auf Ihre Bed\u00fcrfnisse, Vorlieben und Abneigungen abstimmen, indem sie Informationen \u00fcber Ihre Vorlieben sammelt und speichert.<\/p>\n\n\n\n<p>Wir verwenden Traffic-Log-Cookies, um festzustellen, welche Seiten genutzt werden. Dies hilft uns, Daten \u00fcber den Webseitenverkehr zu analysieren und unsere Website zu verbessern, um sie an die Bed\u00fcrfnisse unserer Kunden anzupassen. Wir verwenden diese Informationen nur zu statistischen Analysezwecken und l\u00f6schen die Daten anschlie\u00dfend aus dem System.<\/p>\n\n\n\n<p>Insgesamt helfen uns Cookies dabei, Ihnen eine bessere Website zu bieten, indem sie uns erm\u00f6glichen zu beobachten, welche Seiten Sie n\u00fctzlich finden und welche nicht. Ein Cookie verschafft uns keinen Zugang zu Ihrem Computer oder zu irgendwelchen Informationen \u00fcber Sie, au\u00dfer den Daten, die Sie uns mitteilen m\u00f6chten.<\/p>\n\n\n\n<p>Sie k\u00f6nnen w\u00e4hlen, ob Sie Cookies akzeptieren oder ablehnen. Die meisten Webbrowser akzeptieren Cookies automatisch, aber Sie k\u00f6nnen die Einstellungen Ihres Browsers in der Regel so \u00e4ndern, dass Cookies abgelehnt werden, wenn Sie dies w\u00fcnschen. Dies kann dazu f\u00fchren, dass Sie die Vorteile der Website nicht in vollem Umfang nutzen k\u00f6nnen.<\/p>\n\n\n\n<h2 class=\"wp-block-heading\" id=\"links-to-other-websites\">LINKS ZU ANDEREN WEBSITES<\/h2>\n\n\n\n<p>Unsere Website kann Links zu anderen Websites von Interesse enthalten. Wenn Sie jedoch \u00fcber diese Links unsere Website verlassen, sollten Sie beachten, dass wir keine Kontrolle \u00fcber diese anderen Websites haben. Daher k\u00f6nnen wir nicht f\u00fcr den Schutz und die Vertraulichkeit von Informationen verantwortlich sein, die Sie beim Besuch solcher Websites zur Verf\u00fcgung stellen, und solche Websites unterliegen nicht dieser Datenschutzerkl\u00e4rung. Sie sollten Vorsicht walten lassen und die f\u00fcr die betreffende Website geltende Datenschutzerkl\u00e4rung lesen.<\/p>\n\n\n\n<h2 class=\"wp-block-heading\" id=\"controlling-your-personal-information\">KONTROLLE IHRER PERS\u00d6NLICHEN DATEN<\/h2>\n\n\n\n<p>Sie k\u00f6nnen die Erfassung oder Verwendung Ihrer personenbezogenen Daten auf folgende Weise einschr\u00e4nken:<\/p>\n\n\n\n<p>Wenn Sie gebeten werden, ein Formular auf der Website auszuf\u00fcllen, achten Sie auf das K\u00e4stchen, das Sie anklicken k\u00f6nnen, um anzugeben, dass Sie nicht m\u00f6chten, dass die Informationen von irgendjemandem f\u00fcr Direktmarketingzwecke verwendet werden.<\/p>\n\n\n\n<p>Wenn Sie zuvor zugestimmt haben, dass wir Ihre pers\u00f6nlichen Daten f\u00fcr Direktmarketingzwecke verwenden, k\u00f6nnen Sie Ihre Meinung jederzeit \u00e4ndern, indem Sie uns schreiben oder eine E-Mail an folgende Adresse senden&nbsp;<a href=\"mailto:arden@tatapack.com\">arden@tatapack.com<\/a><\/p>\n\n\n\n<p>Wir werden Ihre pers\u00f6nlichen Daten nicht an Dritte verkaufen, weitergeben oder vermieten, es sei denn, wir haben Ihre Erlaubnis oder sind gesetzlich dazu verpflichtet, dies zu tun. Wir k\u00f6nnen Ihre personenbezogenen Daten verwenden, um Ihnen Werbeinformationen \u00fcber Dritte zuzusenden, von denen wir glauben, dass sie f\u00fcr Sie interessant sein k\u00f6nnten, wenn Sie uns mitteilen, dass Sie dies w\u00fcnschen.<\/p>\n\n\n\n<p>Sie k\u00f6nnen gem\u00e4\u00df dem Data Protection Act 1998 Auskunft \u00fcber die von uns \u00fcber Sie gespeicherten pers\u00f6nlichen Daten verlangen. Hierf\u00fcr ist eine geringe Geb\u00fchr zu entrichten. Wenn Sie eine Kopie der \u00fcber Sie gespeicherten Daten w\u00fcnschen, schreiben Sie bitte an;<\/p>\n\n\n\n<p><strong>TATAPACK<\/strong><br>Guoxiangqiao Mid Rd No.1<em><br>Yuyao Stadt<br>Ningbo315400<br>CHINA<\/em><\/p>\n\n\n\n<p>Wenn Sie der Meinung sind, dass Informationen, die wir \u00fcber Sie gespeichert haben, unrichtig oder unvollst\u00e4ndig sind, schreiben Sie uns bitte so bald wie m\u00f6glich an die oben genannte Adresse oder senden Sie uns eine E-Mail. Wir werden alle Informationen, die sich als falsch erweisen, umgehend korrigieren<\/p>\n\n\n\n<p>TATAPACK setzt sich daf\u00fcr ein, dass Ihre Privatsph\u00e4re gesch\u00fctzt wird. Sollten wir Sie bei der Nutzung dieser Website um die Angabe bestimmter Informationen bitten, durch die Sie identifiziert werden k\u00f6nnen, so k\u00f6nnen Sie sicher sein, dass diese nur in \u00dcbereinstimmung mit dieser Datenschutzerkl\u00e4rung verwendet werden.<\/p>\n\n\n\n<p>TATAPACK kann diese Politik von Zeit zu Zeit durch Aktualisierung dieser Seite \u00e4ndern. Sie sollten diese Seite von Zeit zu Zeit \u00fcberpr\u00fcfen, um sicherzustellen, dass Sie mit allen \u00c4nderungen einverstanden sind. Diese Richtlinie ist seit August 2016 g\u00fcltig.<\/p>\n\n\n\n<h2 class=\"wp-block-heading\" id=\"what-we-collect\">WAS WIR SAMMELN<\/h2>\n\n\n\n<p>Wir k\u00f6nnen die folgenden Informationen sammeln:<\/p>\n\n\n\n<ol class=\"wp-block-list\">\n<li>Name und Berufsbezeichnung<\/li>\n\n\n\n<li>Kontaktinformationen einschlie\u00dflich E-Mail Adresse<\/li>\n\n\n\n<li>Demografische Informationen wie Postleitzahl, Vorlieben und Interessen<\/li>\n\n\n\n<li>Andere Informationen, die f\u00fcr Kundenumfragen und\/oder Angebote relevant sind<\/li>\n<\/ol>\n\n\n\n<h2 class=\"wp-block-heading\" id=\"what-we-do-with-the-information-we-gather\">WAS WIR MIT DEN VON UNS GESAMMELTEN INFORMATIONEN TUN<\/h2>\n\n\n\n<p>Wir ben\u00f6tigen diese Informationen, um Ihre Bed\u00fcrfnisse zu verstehen und Ihnen einen besseren Service bieten zu k\u00f6nnen, und zwar insbesondere aus folgenden Gr\u00fcnden<\/p>\n\n\n\n<h2 class=\"wp-block-heading\" id=\"internal-record-keeping\">INTERNE BUCHF\u00dcHRUNG.<\/h2>\n\n\n\n<p>Wir k\u00f6nnen die Informationen verwenden, um unsere Produkte und Dienstleistungen zu verbessern.<br>M\u00f6glicherweise senden wir Ihnen von Zeit zu Zeit Werbe-E-Mails \u00fcber neue Produkte, Sonderangebote oder andere Informationen, von denen wir glauben, dass sie f\u00fcr Sie interessant sein k\u00f6nnten, an die von Ihnen angegebene E-Mail-Adresse. Sie werden immer die M\u00f6glichkeit haben, sich von allen weiteren Mailings abzumelden.<\/p>\n\n\n\n<p>Wir k\u00f6nnen Ihre Daten auch verwenden, um Sie zu Marktforschungszwecken zu kontaktieren. Wir k\u00f6nnen Sie per E-Mail, Telefon, Fax oder Post kontaktieren. Wir k\u00f6nnen die Informationen nutzen, um die Website an Ihre Interessen anzupassen.<\/p>\n\n\n\n<h2 class=\"wp-block-heading\" id=\"security\">SICHERHEIT<\/h2>\n\n\n\n<p>Wir sind bestrebt, die Sicherheit Ihrer Daten zu gew\u00e4hrleisten. Um einen unbefugten Zugriff oder eine unbefugte Offenlegung zu verhindern, haben wir geeignete physische, elektronische und verwaltungstechnische Verfahren zum Schutz und zur Sicherung der von uns online erfassten Daten eingef\u00fchrt.<\/p>","protected":false},"excerpt":{"rendered":"<p>HOW TATAPCK USES COOKIES A cookie is a small file which asks permission to be placed on your computer\u2019s hard drive. Once you agree, the file is added and the cookie helps analyse web traffic or lets you know when you visit a particular site. Cookies allow web applications to respond to you as an [&hellip;]<\/p>\n","protected":false},"author":2,"featured_media":4028,"parent":0,"menu_order":4,"comment_status":"closed","ping_status":"closed","template":"","meta":{"_acf_changed":false,"_gspb_post_css":"","_monsterinsights_skip_tracking":false,"_monsterinsights_sitenote_active":false,"_monsterinsights_sitenote_note":"","_monsterinsights_sitenote_category":0,"footnotes":""},"class_list":["post-3764","page","type-page","status-publish","has-post-thumbnail","hentry"],"blocksy_meta":{"styles_descriptor":{"styles":{"desktop":"","tablet":"","mobile":""},"google_fonts":[],"version":6},"page_title_panel":"","has_hero_section":"default","463176e635c8710c748459a28c4a7c68":"","hero_section":"type-1","hero_elements":[{"id":"custom_title","enabled":true,"heading_tag":"h1","title":"\u9996\u9875"},{"id":"custom_description","enabled":true,"description_visibility":{"desktop":true,"tablet":true,"mobile":false}},{"id":"custom_meta","enabled":false,"meta_elements":[{"id":"author","enabled":true,"label":"\u6765\u81ea","has_author_avatar":"yes","avatar_size":25},{"id":"post_date","enabled":true,"label":"\u5728","date_format_source":"default","date_format":"M j, Y"},{"id":"updated_date","enabled":false,"label":"\u5728","date_format_source":"default","date_format":"M j, Y"},{"id":"categories","enabled":false,"label":"\u5728","style":"simple"},{"id":"comments","enabled":true}],"page_meta_elements":{"joined":true,"articles_count":true,"comments":true}},{"id":"breadcrumbs","enabled":false}],"0362e9015a68586a6558d869aabcbc2b":"","hero_alignment1":"CT_CSS_SKIP_RULE","hero_margin":40,"hero_alignment2":"center","hero_vertical_alignment":"center","5fbcc14b7a5ba1c4317f519cd46ac45f":"","hero_structure":"narrow","d4ff3f82d8efcb1a7fe937f05ffe522b":"","page_title_bg_type":"featured_image","custom_hero_background":{"attachment_id":null},"page_title_image_size":"full","parallax":{"desktop":false,"tablet":false,"mobile":false},"b508ba40656a9d548e6067de525b2521":"","hero_height":"250px","pageTitleFont":{"family":"Default","variation":"Default","size":"30px","line-height":"CT_CSS_SKIP_RULE","letter-spacing":"CT_CSS_SKIP_RULE","text-transform":"CT_CSS_SKIP_RULE","text-decoration":"CT_CSS_SKIP_RULE"},"pageTitleFontColor":{"default":{"color":"CT_CSS_SKIP_RULEDEFAULT"}},"pageMetaFont":{"family":"Default","variation":"n6","size":"12px","line-height":"1.3","letter-spacing":"CT_CSS_SKIP_RULE","text-transform":"uppercase","text-decoration":"CT_CSS_SKIP_RULE"},"pageMetaFontColor":{"default":{"color":"CT_CSS_SKIP_RULEDEFAULT"},"hover":{"color":"CT_CSS_SKIP_RULEDEFAULT"}},"page_meta_button_type_font_colors":{"default":{"color":"CT_CSS_SKIP_RULEDEFAULT"},"hover":{"color":"CT_CSS_SKIP_RULEDEFAULT"}},"page_meta_button_type_background_colors":{"default":{"color":"CT_CSS_SKIP_RULEDEFAULT"},"hover":{"color":"CT_CSS_SKIP_RULEDEFAULT"}},"pageExcerptFont":{"family":"Default","variation":"Default","size":"CT_CSS_SKIP_RULE","line-height":"CT_CSS_SKIP_RULE","letter-spacing":"CT_CSS_SKIP_RULE","text-transform":"CT_CSS_SKIP_RULE","text-decoration":"CT_CSS_SKIP_RULE"},"pageExcerptColor":{"default":{"color":"CT_CSS_SKIP_RULEDEFAULT"}},"breadcrumbsFont":{"family":"Default","variation":"Default","size":"CT_CSS_SKIP_RULE","line-height":"CT_CSS_SKIP_RULE","letter-spacing":"CT_CSS_SKIP_RULE","text-transform":"CT_CSS_SKIP_RULE","text-decoration":"CT_CSS_SKIP_RULE"},"breadcrumbsFontColor":{"default":{"color":"CT_CSS_SKIP_RULEDEFAULT"},"initial":{"color":"CT_CSS_SKIP_RULEDEFAULT"},"hover":{"color":"CT_CSS_SKIP_RULEDEFAULT"}},"acf_field_hero_elements":"","typography":{"family":"Default","variation":"Default","size":"CT_CSS_SKIP_RULE","line-height":"CT_CSS_SKIP_RULE","letter-spacing":"CT_CSS_SKIP_RULE","text-transform":"CT_CSS_SKIP_RULE","text-decoration":"CT_CSS_SKIP_RULE"},"color":{"default":{"color":"CT_CSS_SKIP_RULEDEFAULT"},"hover":{"color":"CT_CSS_SKIP_RULEDEFAULT"}},"metabox_field_hero_elements":"","toolset_field_hero_elements":"","jetengine_field_hero_elements":"","custom_field_hero_elements":"","pageTitleOverlay":{"background_type":"color","background_pattern":"type-1","background_image":{"attachment_id":null,"x":0,"y":0},"gradient":"linear-gradient(135deg,rgba(6,147,227,1) 0%,rgb(155,81,224) 100%)","background_repeat":"repeat","background_size":"auto","background_attachment":"scroll","patternColor":{"default":{"color":"#e5e7ea"}},"overlayColor":{"default":{"color":"CT_CSS_SKIP_RULE"}},"backgroundColor":{"default":{"color":"CT_CSS_SKIP_RULE"}}},"pageTitleBackground":{"background_type":"color","background_pattern":"type-1","background_image":{"attachment_id":null,"x":0,"y":0},"gradient":"linear-gradient(135deg,rgba(6,147,227,1) 0%,rgb(155,81,224) 100%)","background_repeat":"repeat","background_size":"auto","background_attachment":"scroll","patternColor":{"default":{"color":"#e5e7ea"}},"overlayColor":{"default":{"color":"CT_CSS_SKIP_RULE"}},"backgroundColor":{"default":{"color":"var(--theme-palette-color-6)"}}},"pageTitlePadding":{"top":"50px","bottom":"50px","left":"auto","right":"auto","linked":true},"d378a4ac818285f084bbb7c2c801dfa2":"","page_structure_type":"type-3","2c260f58c7efe37f2003ec131eb03313":"","content_style_source":"inherit","content_style":"wide","vertical_spacing_source":"inherit","content_area_spacing":"both","background":{"background_type":"color","background_pattern":"type-1","background_image":{"attachment_id":null,"x":0,"y":0},"gradient":"linear-gradient(135deg,rgba(6,147,227,1) 0%,rgb(155,81,224) 100%)","background_repeat":"repeat","background_size":"auto","background_attachment":"scroll","patternColor":{"default":{"color":"#e5e7ea"}},"overlayColor":{"default":{"color":"CT_CSS_SKIP_RULE"}},"backgroundColor":{"default":{"color":"CT_CSS_SKIP_RULE"}}},"content_background":{"background_type":"color","background_pattern":"type-1","background_image":{"attachment_id":null,"x":0,"y":0},"gradient":"linear-gradient(135deg,rgba(6,147,227,1) 0%,rgb(155,81,224) 100%)","background_repeat":"repeat","background_size":"auto","background_attachment":"scroll","patternColor":{"default":{"color":"#e5e7ea"}},"overlayColor":{"default":{"color":"CT_CSS_SKIP_RULE"}},"backgroundColor":{"default":{"color":"var(--theme-palette-color-8)"}}},"content_boxed_shadow":{"inherit":false,"blur":18,"spread":-6,"v_offset":12,"h_offset":0,"inset":false,"enable":true,"color":{"color":"rgba(34, 56, 101, 0.04)"}},"content_boxed_border":{"width":1,"style":"none","color":{"color":"rgba(44,62,80,0.2)"}},"content_boxed_radius":{"top":"3px","bottom":"3px","left":"3px","right":"3px","linked":true},"boxed_content_spacing":{"desktop":{"top":"40px","bottom":"40px","left":"40px","right":"40px","linked":true},"tablet":{"top":"35px","bottom":"35px","left":"35px","right":"35px","linked":true},"mobile":{"top":"20px","bottom":"20px","left":"20px","right":"20px","linked":true}},"66187f34182caa44a4fd79810ca0ddba":"","disable_featured_image":"no","disable_share_box":"no","disable_header":"no","disable_footer":"no","2c1e3701f15e94cab6ddc4b035e20a3d":"","header_footer_scripts_panel":"","header_scripts":"","e30aca6df3237c8cfc3635ea1a9e7f63":"","header_after_body_scripts":"","78c18d8ec884074641664781d3818bf4":"","footer_scripts":""},"aioseo_notices":[],"acf":[],"_links":{"self":[{"href":"https:\/\/tatapack.com\/de\/wp-json\/wp\/v2\/pages\/3764","targetHints":{"allow":["GET"]}}],"collection":[{"href":"https:\/\/tatapack.com\/de\/wp-json\/wp\/v2\/pages"}],"about":[{"href":"https:\/\/tatapack.com\/de\/wp-json\/wp\/v2\/types\/page"}],"author":[{"embeddable":true,"href":"https:\/\/tatapack.com\/de\/wp-json\/wp\/v2\/users\/2"}],"replies":[{"embeddable":true,"href":"https:\/\/tatapack.com\/de\/wp-json\/wp\/v2\/comments?post=3764"}],"version-history":[{"count":1,"href":"https:\/\/tatapack.com\/de\/wp-json\/wp\/v2\/pages\/3764\/revisions"}],"predecessor-version":[{"id":8487,"href":"https:\/\/tatapack.com\/de\/wp-json\/wp\/v2\/pages\/3764\/revisions\/8487"}],"wp:featuredmedia":[{"embeddable":true,"href":"https:\/\/tatapack.com\/de\/wp-json\/wp\/v2\/media\/4028"}],"wp:attachment":[{"href":"https:\/\/tatapack.com\/de\/wp-json\/wp\/v2\/media?parent=3764"}],"curies":[{"name":"wp","href":"https:\/\/api.w.org\/{rel}","templated":true}]}}