{"id":3753,"date":"2018-09-11T11:37:15","date_gmt":"2018-09-11T03:37:15","guid":{"rendered":"https:\/\/tatapack.com\/?page_id=3753"},"modified":"2023-12-15T15:26:45","modified_gmt":"2023-12-15T07:26:45","slug":"privacy-policy","status":"publish","type":"page","link":"https:\/\/tatapack.com\/es\/privacy-policy\/","title":{"rendered":"Pol\u00edtica de privacidad"},"content":{"rendered":"<p>Nuestra privacidad, y la privacidad de todos los visitantes de tatapack.com, es importante para nosotros. En consecuencia, hemos creado una pol\u00edtica que garantiza el mantenimiento de su privacidad.<\/p>\n\n\n\n<h2 class=\"wp-block-heading\" id=\"notice\">AVISO<\/h2>\n\n\n\n<p>Esta pol\u00edtica le indica, entre otras cosas, los tipos de informaci\u00f3n que recopilamos de usted, c\u00f3mo podemos utilizar o divulgar esa informaci\u00f3n y nuestros esfuerzos para protegerla. Lea atentamente esta pol\u00edtica y no dude en ponerse en contacto con nosotros en&nbsp;<a href=\"mailto:arden@tatapack.com\">arden@tatapack.com<\/a>&nbsp;si tiene alguna duda sobre su contenido.<\/p>\n\n\n\n<h3 class=\"wp-block-heading\" id=\"1-types-of-information-collected\">1. TIPOS DE INFORMACI\u00d3N RECOGIDA<\/h3>\n\n\n\n<p>En relaci\u00f3n con su uso de nuestro sitio, le pedimos y podemos recopilar una variedad de informaci\u00f3n de usted y sobre usted de diferentes maneras. Por ejemplo, cuando solicita informaci\u00f3n en nuestro sitio, le pedimos y almacenamos su nombre y\/o el de su empresa, cargo, direcci\u00f3n, direcci\u00f3n de correo electr\u00f3nico y otros datos de contacto identificativos. Adem\u00e1s, recogemos informaci\u00f3n sobre sus solicitudes, comentarios y sugerencias concretas. Tambi\u00e9n podemos recopilar la informaci\u00f3n que revele en cualquiera de nuestras salas de chat, grupos de debate y tablones de anuncios, cuando est\u00e9n disponibles.<\/p>\n\n\n\n<h3 class=\"wp-block-heading\" id=\"2-use-of-cookies\">2. USO DE COOKIES<\/h3>\n\n\n\n<p>El uso de nuestro sitio puede requerir que acepte el uso de cookies, que son peque\u00f1os archivos de datos que nuestro sitio web puede enviar a su navegador para su almacenamiento en el disco duro de su ordenador. Podemos utilizar cookies para proteger datos confidenciales, realizar un seguimiento de la actividad en nuestro sitio y atender mejor sus necesidades e intereses.&nbsp;<a href=\"https:\/\/www.tatapack.com\/cookie-policy\/\">Nuestra pol\u00edtica de cookies<\/a><\/p>\n\n\n\n<h3 class=\"wp-block-heading\" id=\"3-use-of-information\">3. USO DE LA INFORMACI\u00d3N<\/h3>\n\n\n\n<p>Utilizamos su informaci\u00f3n de identificaci\u00f3n personal para identificarle como usuario del sitio y responder a sus consultas, identificar tendencias de mercado y formular planes de negocio. Si nos da permiso para ponernos en contacto con usted en relaci\u00f3n con nuestros productos y servicios, podemos utilizar su direcci\u00f3n de correo electr\u00f3nico para ponernos en contacto directamente con usted en relaci\u00f3n con servicios o productos que creemos que pueden ser de su inter\u00e9s. Tambi\u00e9n podemos asociar su informaci\u00f3n de identificaci\u00f3n personal con la informaci\u00f3n que recopilamos sobre sus preferencias y actividades en el sitio, como las p\u00e1ginas concretas que solicita en el sitio y las compras u otras transacciones que realiza a trav\u00e9s de la informaci\u00f3n del sitio o basadas en ella. Podemos variar el contenido que reciba en futuras visitas al sitio en funci\u00f3n de sus preferencias y actividades.<\/p>\n\n\n\n<p>Podemos combinar sus datos de identificaci\u00f3n personal, as\u00ed como informaci\u00f3n sobre sus preferencias y actividades, con los de todos nuestros usuarios o los de un grupo determinado de ellos para elaborar perfiles colectivos de nuestros usuarios y sus actividades. Por ejemplo, podemos hacer un seguimiento del n\u00famero de nuestros usuarios que ven determinadas p\u00e1ginas o utilizan determinadas funciones, o recopilar el importe total en d\u00f3lares de las ventas realizadas a trav\u00e9s de nuestro sitio o basadas en \u00e9l en una regi\u00f3n geogr\u00e1fica concreta. Dicha informaci\u00f3n, y otros datos que obtenemos de la informaci\u00f3n de los usuarios individuales, nos permite seguir creciendo y ofrecerle compa\u00f1eros de calidad a trav\u00e9s de un marketing y una publicidad m\u00e1s precisos de nuestro sitio web. Almacenamos cualquier informaci\u00f3n personal indefinidamente, pero s\u00f3lo si estamos en comunicaci\u00f3n por tel\u00e9fono, correo electr\u00f3nico o cartas. Cualquier informaci\u00f3n almacenada por nosotros con una empresa con la que ya no hacemos negocios o no se ha puesto en contacto con nosotros en un per\u00edodo de 12 meses. ser\u00e1 eliminada de todas nuestras bases de datos.<\/p>\n\n\n\n<h3 class=\"wp-block-heading\" id=\"4-disclosure-of-information\">4. DIVULGACI\u00d3N DE INFORMACI\u00d3N<\/h3>\n\n\n\n<p>Por \u00faltimo, podemos revelar informaci\u00f3n para cumplir determinados requisitos legales y reglamentarios o si creemos, de buena fe, que dicha revelaci\u00f3n es legalmente exigida o necesaria para proteger los derechos de terceros o evitar da\u00f1os.<\/p>\n\n\n\n<h3 class=\"wp-block-heading\" id=\"5-recruitment-privacy-policy\">5. POL\u00cdTICA DE PRIVACIDAD DE LA CONTRATACI\u00d3N<\/h3>\n\n\n\n<p>Haga clic en nuestra declaraci\u00f3n de pol\u00edtica de privacidad sobre contrataci\u00f3n para ver la informaci\u00f3n que recopilamos. Si necesita m\u00e1s ayuda, p\u00f3ngase en contacto con nosotros en esta direcci\u00f3n de correo electr\u00f3nico;&nbsp;<a href=\"mailto:recruitment@tatapack.com\">recruitment@tatapack.com<\/a><\/p>\n\n\n\n<h2 class=\"wp-block-heading\" id=\"choice\">ELECCI\u00d3N<\/h2>\n\n\n\n<p>Le pediremos permiso para enviar su informaci\u00f3n de identificaci\u00f3n personal a terceros y, si no nos lo concede, restringiremos el uso de su informaci\u00f3n al mantenimiento de su uso del sitio.<\/p>\n\n\n\n<p>Adem\u00e1s, no enviaremos mensajes no solicitados a los usuarios de nuestro sitio que no indiquen que desean recibirlos.<\/p>\n\n\n\n<h2 class=\"wp-block-heading\" id=\"access\">ACCESO<\/h2>\n\n\n\n<p>En cualquier momento despu\u00e9s de haber iniciado sesi\u00f3n en nuestro sitio, puede ponerse en contacto con nosotros en&nbsp;<a href=\"mailto:arden@tatapack.com\">arden@tatapack.com<\/a>&nbsp;solicitar acceso a la informaci\u00f3n que hemos recopilado sobre usted o su empresa o notificarnos cambios en dicha informaci\u00f3n. Si solicita alguno de estos cambios, nos pondremos en contacto con usted por correo electr\u00f3nico o fax para confirmarlos. Una vez confirmados, los nuevos datos sustituir\u00e1n a los facilitados anteriormente.<\/p>","protected":false},"excerpt":{"rendered":"<p>Our privacy, and the privacy of all visitors to tatapack.com, is important to us. Accordingly, we have a created a policy that ensures your privacy is maintained. NOTICE This policy tells you, among other things, the types of information we gather from you, how we may use or disclose that information and our efforts to [&hellip;]<\/p>\n","protected":false},"author":2,"featured_media":4028,"parent":0,"menu_order":5,"comment_status":"closed","ping_status":"closed","template":"","meta":{"_acf_changed":false,"_gspb_post_css":"","_monsterinsights_skip_tracking":false,"_monsterinsights_sitenote_active":false,"_monsterinsights_sitenote_note":"","_monsterinsights_sitenote_category":0,"footnotes":""},"class_list":["post-3753","page","type-page","status-publish","has-post-thumbnail","hentry"],"blocksy_meta":{"styles_descriptor":{"styles":{"desktop":"","tablet":"","mobile":""},"google_fonts":[],"version":6},"page_title_panel":"","has_hero_section":"default","be860fb9e1cf4beeda74fe73fe973dc1":"","hero_section":"type-1","hero_elements":[{"id":"custom_title","enabled":true,"heading_tag":"h1","title":"\u9996\u9875"},{"id":"custom_description","enabled":true,"description_visibility":{"desktop":true,"tablet":true,"mobile":false}},{"id":"custom_meta","enabled":false,"meta_elements":[{"id":"author","enabled":true,"label":"\u6765\u81ea","has_author_avatar":"yes","avatar_size":25},{"id":"post_date","enabled":true,"label":"\u5728","date_format_source":"default","date_format":"M j, Y"},{"id":"updated_date","enabled":false,"label":"\u5728","date_format_source":"default","date_format":"M j, Y"},{"id":"categories","enabled":false,"label":"\u5728","style":"simple"},{"id":"comments","enabled":true}],"page_meta_elements":{"joined":true,"articles_count":true,"comments":true}},{"id":"breadcrumbs","enabled":false}],"af71970661b9bd1c32297e22084df08b":"","hero_alignment1":"CT_CSS_SKIP_RULE","hero_margin":40,"hero_alignment2":"center","hero_vertical_alignment":"center","3944b019f5860e5026f5ae9b1f46a2b9":"","hero_structure":"narrow","f92f6725e875b36ab52335541c4d5bf1":"","page_title_bg_type":"featured_image","custom_hero_background":{"attachment_id":null},"page_title_image_size":"full","parallax":{"desktop":false,"tablet":false,"mobile":false},"b85daa692e55b5a5bf72b042659182bc":"","hero_height":"250px","pageTitleFont":{"family":"Default","variation":"Default","size":"30px","line-height":"CT_CSS_SKIP_RULE","letter-spacing":"CT_CSS_SKIP_RULE","text-transform":"CT_CSS_SKIP_RULE","text-decoration":"CT_CSS_SKIP_RULE"},"pageTitleFontColor":{"default":{"color":"CT_CSS_SKIP_RULEDEFAULT"}},"pageMetaFont":{"family":"Default","variation":"n6","size":"12px","line-height":"1.3","letter-spacing":"CT_CSS_SKIP_RULE","text-transform":"uppercase","text-decoration":"CT_CSS_SKIP_RULE"},"pageMetaFontColor":{"default":{"color":"CT_CSS_SKIP_RULEDEFAULT"},"hover":{"color":"CT_CSS_SKIP_RULEDEFAULT"}},"page_meta_button_type_font_colors":{"default":{"color":"CT_CSS_SKIP_RULEDEFAULT"},"hover":{"color":"CT_CSS_SKIP_RULEDEFAULT"}},"page_meta_button_type_background_colors":{"default":{"color":"CT_CSS_SKIP_RULEDEFAULT"},"hover":{"color":"CT_CSS_SKIP_RULEDEFAULT"}},"pageExcerptFont":{"family":"Default","variation":"Default","size":"CT_CSS_SKIP_RULE","line-height":"CT_CSS_SKIP_RULE","letter-spacing":"CT_CSS_SKIP_RULE","text-transform":"CT_CSS_SKIP_RULE","text-decoration":"CT_CSS_SKIP_RULE"},"pageExcerptColor":{"default":{"color":"CT_CSS_SKIP_RULEDEFAULT"}},"breadcrumbsFont":{"family":"Default","variation":"Default","size":"CT_CSS_SKIP_RULE","line-height":"CT_CSS_SKIP_RULE","letter-spacing":"CT_CSS_SKIP_RULE","text-transform":"CT_CSS_SKIP_RULE","text-decoration":"CT_CSS_SKIP_RULE"},"breadcrumbsFontColor":{"default":{"color":"CT_CSS_SKIP_RULEDEFAULT"},"initial":{"color":"CT_CSS_SKIP_RULEDEFAULT"},"hover":{"color":"CT_CSS_SKIP_RULEDEFAULT"}},"acf_field_hero_elements":"","typography":{"family":"Default","variation":"Default","size":"CT_CSS_SKIP_RULE","line-height":"CT_CSS_SKIP_RULE","letter-spacing":"CT_CSS_SKIP_RULE","text-transform":"CT_CSS_SKIP_RULE","text-decoration":"CT_CSS_SKIP_RULE"},"color":{"default":{"color":"CT_CSS_SKIP_RULEDEFAULT"},"hover":{"color":"CT_CSS_SKIP_RULEDEFAULT"}},"metabox_field_hero_elements":"","toolset_field_hero_elements":"","jetengine_field_hero_elements":"","custom_field_hero_elements":"","pageTitleOverlay":{"background_type":"color","background_pattern":"type-1","background_image":{"attachment_id":null,"x":0,"y":0},"gradient":"linear-gradient(135deg,rgba(6,147,227,1) 0%,rgb(155,81,224) 100%)","background_repeat":"repeat","background_size":"auto","background_attachment":"scroll","patternColor":{"default":{"color":"#e5e7ea"}},"overlayColor":{"default":{"color":"CT_CSS_SKIP_RULE"}},"backgroundColor":{"default":{"color":"CT_CSS_SKIP_RULE"}}},"pageTitleBackground":{"background_type":"color","background_pattern":"type-1","background_image":{"attachment_id":null,"x":0,"y":0},"gradient":"linear-gradient(135deg,rgba(6,147,227,1) 0%,rgb(155,81,224) 100%)","background_repeat":"repeat","background_size":"auto","background_attachment":"scroll","patternColor":{"default":{"color":"#e5e7ea"}},"overlayColor":{"default":{"color":"CT_CSS_SKIP_RULE"}},"backgroundColor":{"default":{"color":"var(--theme-palette-color-6)"}}},"pageTitlePadding":{"top":"50px","bottom":"50px","left":"auto","right":"auto","linked":true},"75aeee74ff681755d7c728dbcd670926":"","page_structure_type":"type-3","fe37526d44f8731a05e978d86d5b159d":"","content_style_source":"inherit","content_style":"wide","vertical_spacing_source":"inherit","content_area_spacing":"both","background":{"background_type":"color","background_pattern":"type-1","background_image":{"attachment_id":null,"x":0,"y":0},"gradient":"linear-gradient(135deg,rgba(6,147,227,1) 0%,rgb(155,81,224) 100%)","background_repeat":"repeat","background_size":"auto","background_attachment":"scroll","patternColor":{"default":{"color":"#e5e7ea"}},"overlayColor":{"default":{"color":"CT_CSS_SKIP_RULE"}},"backgroundColor":{"default":{"color":"CT_CSS_SKIP_RULE"}}},"content_background":{"background_type":"color","background_pattern":"type-1","background_image":{"attachment_id":null,"x":0,"y":0},"gradient":"linear-gradient(135deg,rgba(6,147,227,1) 0%,rgb(155,81,224) 100%)","background_repeat":"repeat","background_size":"auto","background_attachment":"scroll","patternColor":{"default":{"color":"#e5e7ea"}},"overlayColor":{"default":{"color":"CT_CSS_SKIP_RULE"}},"backgroundColor":{"default":{"color":"var(--theme-palette-color-8)"}}},"content_boxed_shadow":{"inherit":false,"blur":18,"spread":-6,"v_offset":12,"h_offset":0,"inset":false,"enable":true,"color":{"color":"rgba(34, 56, 101, 0.04)"}},"content_boxed_border":{"width":1,"style":"none","color":{"color":"rgba(44,62,80,0.2)"}},"content_boxed_radius":{"top":"3px","bottom":"3px","left":"3px","right":"3px","linked":true},"boxed_content_spacing":{"desktop":{"top":"40px","bottom":"40px","left":"40px","right":"40px","linked":true},"tablet":{"top":"35px","bottom":"35px","left":"35px","right":"35px","linked":true},"mobile":{"top":"20px","bottom":"20px","left":"20px","right":"20px","linked":true}},"068a5176fed4f581b87d04c9c596a435":"","disable_featured_image":"no","disable_share_box":"no","disable_header":"no","disable_footer":"no","8a1498fe4ec9e9b630fe036626767421":"","header_footer_scripts_panel":"","header_scripts":"","ae7f089061ee947c8413fcf351c6d865":"","header_after_body_scripts":"","3ea13d74d7e39834a4c644ec8d1c1326":"","footer_scripts":""},"aioseo_notices":[],"acf":[],"_links":{"self":[{"href":"https:\/\/tatapack.com\/es\/wp-json\/wp\/v2\/pages\/3753","targetHints":{"allow":["GET"]}}],"collection":[{"href":"https:\/\/tatapack.com\/es\/wp-json\/wp\/v2\/pages"}],"about":[{"href":"https:\/\/tatapack.com\/es\/wp-json\/wp\/v2\/types\/page"}],"author":[{"embeddable":true,"href":"https:\/\/tatapack.com\/es\/wp-json\/wp\/v2\/users\/2"}],"replies":[{"embeddable":true,"href":"https:\/\/tatapack.com\/es\/wp-json\/wp\/v2\/comments?post=3753"}],"version-history":[{"count":1,"href":"https:\/\/tatapack.com\/es\/wp-json\/wp\/v2\/pages\/3753\/revisions"}],"predecessor-version":[{"id":8489,"href":"https:\/\/tatapack.com\/es\/wp-json\/wp\/v2\/pages\/3753\/revisions\/8489"}],"wp:featuredmedia":[{"embeddable":true,"href":"https:\/\/tatapack.com\/es\/wp-json\/wp\/v2\/media\/4028"}],"wp:attachment":[{"href":"https:\/\/tatapack.com\/es\/wp-json\/wp\/v2\/media?parent=3753"}],"curies":[{"name":"wp","href":"https:\/\/api.w.org\/{rel}","templated":true}]}}