{"id":3753,"date":"2018-09-11T11:37:15","date_gmt":"2018-09-11T03:37:15","guid":{"rendered":"https:\/\/tatapack.com\/?page_id=3753"},"modified":"2023-12-15T15:26:45","modified_gmt":"2023-12-15T07:26:45","slug":"privacy-policy","status":"publish","type":"page","link":"https:\/\/tatapack.com\/fr\/privacy-policy\/","title":{"rendered":"Politique de confidentialit\u00e9"},"content":{"rendered":"<p>Notre vie priv\u00e9e, et celle de tous les visiteurs de tatapack.com, est importante pour nous. Par cons\u00e9quent, nous avons cr\u00e9\u00e9 une politique qui garantit le respect de votre vie priv\u00e9e.<\/p>\n\n\n\n<h2 class=\"wp-block-heading\" id=\"notice\">AVIS<\/h2>\n\n\n\n<p>Cette politique vous indique, entre autres, les types d'informations que nous recueillons aupr\u00e8s de vous, la mani\u00e8re dont nous pouvons utiliser ou divulguer ces informations et les efforts que nous d\u00e9ployons pour les prot\u00e9ger. Veuillez lire attentivement cette politique et n'h\u00e9sitez pas \u00e0 nous contacter \u00e0 l'adresse suivante&nbsp;<a href=\"mailto:arden@tatapack.com\">arden@tatapack.com<\/a>&nbsp;si vous avez des questions concernant son contenu.<\/p>\n\n\n\n<h3 class=\"wp-block-heading\" id=\"1-types-of-information-collected\">1. TYPES D'INFORMATIONS COLLECT\u00c9ES<\/h3>\n\n\n\n<p>Dans le cadre de votre utilisation de notre site, nous vous demandons et pouvons collecter une vari\u00e9t\u00e9 d'informations vous concernant de diff\u00e9rentes mani\u00e8res. Par exemple, lorsque vous demandez des informations sur notre site, nous vous demandons et conservons votre nom et\/ou celui de votre entreprise, votre titre, votre adresse, votre adresse \u00e9lectronique et d'autres donn\u00e9es d'identification. En outre, nous recueillons des informations sur vos demandes sp\u00e9cifiques, vos commentaires et vos suggestions. Nous pouvons \u00e9galement recueillir les informations que vous divulguez dans nos salons de discussion, groupes de discussion et tableaux d'affichage, lorsqu'ils sont disponibles.<\/p>\n\n\n\n<h3 class=\"wp-block-heading\" id=\"2-use-of-cookies\">2. UTILISATION DE COOKIES<\/h3>\n\n\n\n<p>L'utilisation de notre site peut n\u00e9cessiter que vous acceptiez l'utilisation de cookies, qui sont de petits fichiers de donn\u00e9es que notre site web peut envoyer \u00e0 votre navigateur pour \u00eatre stock\u00e9s sur le disque dur de votre ordinateur. Nous pouvons utiliser des cookies pour prot\u00e9ger des donn\u00e9es confidentielles, suivre les activit\u00e9s sur notre site et mieux r\u00e9pondre \u00e0 vos besoins et \u00e0 vos int\u00e9r\u00eats.&nbsp;<a href=\"https:\/\/www.tatapack.com\/cookie-policy\/\">Notre politique en mati\u00e8re de cookies<\/a><\/p>\n\n\n\n<h3 class=\"wp-block-heading\" id=\"3-use-of-information\">3. L'UTILISATION DES INFORMATIONS<\/h3>\n\n\n\n<p>Nous utilisons vos informations d'identification personnelle pour vous identifier en tant qu'utilisateur du site et pour r\u00e9pondre \u00e0 vos demandes, identifier les tendances du march\u00e9 et formuler des plans d'affaires. Si vous nous autorisez \u00e0 vous contacter au sujet de nos produits et services, nous pouvons utiliser votre adresse \u00e9lectronique pour vous contacter directement au sujet de services ou de produits susceptibles de vous int\u00e9resser. Nous pouvons \u00e9galement associer vos informations d'identification personnelle aux informations que nous recueillons sur vos pr\u00e9f\u00e9rences et vos activit\u00e9s sur le site, telles que les pages particuli\u00e8res que vous consultez sur le site et les achats ou autres transactions que vous effectuez par l'interm\u00e9diaire du site ou sur la base des informations qu'il contient. Nous pouvons varier le contenu que vous recevrez lors de vos prochaines visites sur le site en fonction de vos pr\u00e9f\u00e9rences et de vos activit\u00e9s.<\/p>\n\n\n\n<p>Nous pouvons combiner vos informations d'identification personnelle et les informations relatives \u00e0 vos pr\u00e9f\u00e9rences et activit\u00e9s avec celles de l'ensemble ou d'un groupe particulier de nos utilisateurs afin de pr\u00e9parer des profils collectifs de nos utilisateurs et de leurs activit\u00e9s. Par exemple, nous pouvons suivre le nombre d'utilisateurs qui consultent certaines pages ou utilisent certaines fonctions, ou compiler le montant total des ventes r\u00e9alis\u00e9es par l'interm\u00e9diaire de notre site ou \u00e0 partir de celui-ci dans une r\u00e9gion g\u00e9ographique donn\u00e9e. Ces informations, ainsi que d'autres informations que nous tirons des donn\u00e9es des utilisateurs individuels, nous permettent de poursuivre notre croissance et de vous fournir des utilisateurs de qualit\u00e9 gr\u00e2ce \u00e0 un marketing et \u00e0 une publicit\u00e9 plus pr\u00e9cis de notre site web. Nous conservons les informations personnelles ind\u00e9finiment, mais uniquement si nous sommes en communication par t\u00e9l\u00e9phone, par courrier \u00e9lectronique ou par lettre. Toute information stock\u00e9e par nous aupr\u00e8s d'une soci\u00e9t\u00e9 avec laquelle nous ne faisons plus affaire ou qui ne nous a pas contact\u00e9s au cours d'une p\u00e9riode de 12 mois sera supprim\u00e9e de toutes nos bases de donn\u00e9es. sera supprim\u00e9e de toutes nos bases de donn\u00e9es.<\/p>\n\n\n\n<h3 class=\"wp-block-heading\" id=\"4-disclosure-of-information\">4. DIVULGATION D'INFORMATIONS<\/h3>\n\n\n\n<p>Enfin, nous pouvons divulguer des informations pour satisfaire \u00e0 certaines exigences l\u00e9gales et r\u00e9glementaires ou si nous estimons, en toute bonne foi, que cette divulgation est l\u00e9galement requise ou n\u00e9cessaire pour prot\u00e9ger les droits d'autrui ou pour pr\u00e9venir des dommages.<\/p>\n\n\n\n<h3 class=\"wp-block-heading\" id=\"5-recruitment-privacy-policy\">5. POLITIQUE DE CONFIDENTIALIT\u00c9 EN MATI\u00c8RE DE RECRUTEMENT<\/h3>\n\n\n\n<p>Veuillez cliquer sur notre d\u00e9claration de politique de confidentialit\u00e9 en mati\u00e8re de recrutement pour consulter les informations que nous recueillons. Si vous avez besoin d'aide suppl\u00e9mentaire, veuillez nous contacter \u00e0 cette adresse \u00e9lectronique ;&nbsp;<a href=\"mailto:recruitment@tatapack.com\">recruitment@tatapack.com<\/a><\/p>\n\n\n\n<h2 class=\"wp-block-heading\" id=\"choice\">CHOIX<\/h2>\n\n\n\n<p>Nous vous demanderons l'autorisation d'envoyer vos informations d'identification personnelle \u00e0 d'autres personnes et, si vous n'accordez pas cette autorisation, nous limiterons l'utilisation de vos informations au maintien de votre utilisation du site.<\/p>\n\n\n\n<p>En outre, nous n'enverrons pas de messages non sollicit\u00e9s aux utilisateurs de notre site qui n'ont pas indiqu\u00e9 qu'ils souhaitaient recevoir de tels messages.<\/p>\n\n\n\n<h2 class=\"wp-block-heading\" id=\"access\">ACC\u00c8S<\/h2>\n\n\n\n<p>Vous pouvez \u00e0 tout moment, apr\u00e8s vous \u00eatre connect\u00e9 \u00e0 notre site, nous contacter \u00e0 l'adresse suivante&nbsp;<a href=\"mailto:arden@tatapack.com\">arden@tatapack.com<\/a>&nbsp;pour demander l'acc\u00e8s aux informations que nous avons recueillies \u00e0 votre sujet ou au sujet de votre entreprise ou pour nous informer des modifications apport\u00e9es \u00e0 ces informations. Si vous demandez de telles modifications, nous vous contacterons par courrier \u00e9lectronique ou par t\u00e9l\u00e9copie pour confirmer ces changements. Une fois confirm\u00e9e, toute nouvelle information remplacera l'information correspondante pr\u00e9c\u00e9demment fournie.<\/p>","protected":false},"excerpt":{"rendered":"<p>Our privacy, and the privacy of all visitors to tatapack.com, is important to us. Accordingly, we have a created a policy that ensures your privacy is maintained. NOTICE This policy tells you, among other things, the types of information we gather from you, how we may use or disclose that information and our efforts to [&hellip;]<\/p>\n","protected":false},"author":2,"featured_media":4028,"parent":0,"menu_order":5,"comment_status":"closed","ping_status":"closed","template":"","meta":{"_acf_changed":false,"_gspb_post_css":"","_monsterinsights_skip_tracking":false,"_monsterinsights_sitenote_active":false,"_monsterinsights_sitenote_note":"","_monsterinsights_sitenote_category":0,"footnotes":""},"class_list":["post-3753","page","type-page","status-publish","has-post-thumbnail","hentry"],"blocksy_meta":{"styles_descriptor":{"styles":{"desktop":"","tablet":"","mobile":""},"google_fonts":[],"version":6},"page_title_panel":"","has_hero_section":"default","be860fb9e1cf4beeda74fe73fe973dc1":"","hero_section":"type-1","hero_elements":[{"id":"custom_title","enabled":true,"heading_tag":"h1","title":"\u9996\u9875"},{"id":"custom_description","enabled":true,"description_visibility":{"desktop":true,"tablet":true,"mobile":false}},{"id":"custom_meta","enabled":false,"meta_elements":[{"id":"author","enabled":true,"label":"\u6765\u81ea","has_author_avatar":"yes","avatar_size":25},{"id":"post_date","enabled":true,"label":"\u5728","date_format_source":"default","date_format":"M j, Y"},{"id":"updated_date","enabled":false,"label":"\u5728","date_format_source":"default","date_format":"M j, Y"},{"id":"categories","enabled":false,"label":"\u5728","style":"simple"},{"id":"comments","enabled":true}],"page_meta_elements":{"joined":true,"articles_count":true,"comments":true}},{"id":"breadcrumbs","enabled":false}],"af71970661b9bd1c32297e22084df08b":"","hero_alignment1":"CT_CSS_SKIP_RULE","hero_margin":40,"hero_alignment2":"center","hero_vertical_alignment":"center","3944b019f5860e5026f5ae9b1f46a2b9":"","hero_structure":"narrow","f92f6725e875b36ab52335541c4d5bf1":"","page_title_bg_type":"featured_image","custom_hero_background":{"attachment_id":null},"page_title_image_size":"full","parallax":{"desktop":false,"tablet":false,"mobile":false},"b85daa692e55b5a5bf72b042659182bc":"","hero_height":"250px","pageTitleFont":{"family":"Default","variation":"Default","size":"30px","line-height":"CT_CSS_SKIP_RULE","letter-spacing":"CT_CSS_SKIP_RULE","text-transform":"CT_CSS_SKIP_RULE","text-decoration":"CT_CSS_SKIP_RULE"},"pageTitleFontColor":{"default":{"color":"CT_CSS_SKIP_RULEDEFAULT"}},"pageMetaFont":{"family":"Default","variation":"n6","size":"12px","line-height":"1.3","letter-spacing":"CT_CSS_SKIP_RULE","text-transform":"uppercase","text-decoration":"CT_CSS_SKIP_RULE"},"pageMetaFontColor":{"default":{"color":"CT_CSS_SKIP_RULEDEFAULT"},"hover":{"color":"CT_CSS_SKIP_RULEDEFAULT"}},"page_meta_button_type_font_colors":{"default":{"color":"CT_CSS_SKIP_RULEDEFAULT"},"hover":{"color":"CT_CSS_SKIP_RULEDEFAULT"}},"page_meta_button_type_background_colors":{"default":{"color":"CT_CSS_SKIP_RULEDEFAULT"},"hover":{"color":"CT_CSS_SKIP_RULEDEFAULT"}},"pageExcerptFont":{"family":"Default","variation":"Default","size":"CT_CSS_SKIP_RULE","line-height":"CT_CSS_SKIP_RULE","letter-spacing":"CT_CSS_SKIP_RULE","text-transform":"CT_CSS_SKIP_RULE","text-decoration":"CT_CSS_SKIP_RULE"},"pageExcerptColor":{"default":{"color":"CT_CSS_SKIP_RULEDEFAULT"}},"breadcrumbsFont":{"family":"Default","variation":"Default","size":"CT_CSS_SKIP_RULE","line-height":"CT_CSS_SKIP_RULE","letter-spacing":"CT_CSS_SKIP_RULE","text-transform":"CT_CSS_SKIP_RULE","text-decoration":"CT_CSS_SKIP_RULE"},"breadcrumbsFontColor":{"default":{"color":"CT_CSS_SKIP_RULEDEFAULT"},"initial":{"color":"CT_CSS_SKIP_RULEDEFAULT"},"hover":{"color":"CT_CSS_SKIP_RULEDEFAULT"}},"acf_field_hero_elements":"","typography":{"family":"Default","variation":"Default","size":"CT_CSS_SKIP_RULE","line-height":"CT_CSS_SKIP_RULE","letter-spacing":"CT_CSS_SKIP_RULE","text-transform":"CT_CSS_SKIP_RULE","text-decoration":"CT_CSS_SKIP_RULE"},"color":{"default":{"color":"CT_CSS_SKIP_RULEDEFAULT"},"hover":{"color":"CT_CSS_SKIP_RULEDEFAULT"}},"metabox_field_hero_elements":"","toolset_field_hero_elements":"","jetengine_field_hero_elements":"","custom_field_hero_elements":"","pageTitleOverlay":{"background_type":"color","background_pattern":"type-1","background_image":{"attachment_id":null,"x":0,"y":0},"gradient":"linear-gradient(135deg,rgba(6,147,227,1) 0%,rgb(155,81,224) 100%)","background_repeat":"repeat","background_size":"auto","background_attachment":"scroll","patternColor":{"default":{"color":"#e5e7ea"}},"overlayColor":{"default":{"color":"CT_CSS_SKIP_RULE"}},"backgroundColor":{"default":{"color":"CT_CSS_SKIP_RULE"}}},"pageTitleBackground":{"background_type":"color","background_pattern":"type-1","background_image":{"attachment_id":null,"x":0,"y":0},"gradient":"linear-gradient(135deg,rgba(6,147,227,1) 0%,rgb(155,81,224) 100%)","background_repeat":"repeat","background_size":"auto","background_attachment":"scroll","patternColor":{"default":{"color":"#e5e7ea"}},"overlayColor":{"default":{"color":"CT_CSS_SKIP_RULE"}},"backgroundColor":{"default":{"color":"var(--theme-palette-color-6)"}}},"pageTitlePadding":{"top":"50px","bottom":"50px","left":"auto","right":"auto","linked":true},"75aeee74ff681755d7c728dbcd670926":"","page_structure_type":"type-3","fe37526d44f8731a05e978d86d5b159d":"","content_style_source":"inherit","content_style":"wide","vertical_spacing_source":"inherit","content_area_spacing":"both","background":{"background_type":"color","background_pattern":"type-1","background_image":{"attachment_id":null,"x":0,"y":0},"gradient":"linear-gradient(135deg,rgba(6,147,227,1) 0%,rgb(155,81,224) 100%)","background_repeat":"repeat","background_size":"auto","background_attachment":"scroll","patternColor":{"default":{"color":"#e5e7ea"}},"overlayColor":{"default":{"color":"CT_CSS_SKIP_RULE"}},"backgroundColor":{"default":{"color":"CT_CSS_SKIP_RULE"}}},"content_background":{"background_type":"color","background_pattern":"type-1","background_image":{"attachment_id":null,"x":0,"y":0},"gradient":"linear-gradient(135deg,rgba(6,147,227,1) 0%,rgb(155,81,224) 100%)","background_repeat":"repeat","background_size":"auto","background_attachment":"scroll","patternColor":{"default":{"color":"#e5e7ea"}},"overlayColor":{"default":{"color":"CT_CSS_SKIP_RULE"}},"backgroundColor":{"default":{"color":"var(--theme-palette-color-8)"}}},"content_boxed_shadow":{"inherit":false,"blur":18,"spread":-6,"v_offset":12,"h_offset":0,"inset":false,"enable":true,"color":{"color":"rgba(34, 56, 101, 0.04)"}},"content_boxed_border":{"width":1,"style":"none","color":{"color":"rgba(44,62,80,0.2)"}},"content_boxed_radius":{"top":"3px","bottom":"3px","left":"3px","right":"3px","linked":true},"boxed_content_spacing":{"desktop":{"top":"40px","bottom":"40px","left":"40px","right":"40px","linked":true},"tablet":{"top":"35px","bottom":"35px","left":"35px","right":"35px","linked":true},"mobile":{"top":"20px","bottom":"20px","left":"20px","right":"20px","linked":true}},"068a5176fed4f581b87d04c9c596a435":"","disable_featured_image":"no","disable_share_box":"no","disable_header":"no","disable_footer":"no","8a1498fe4ec9e9b630fe036626767421":"","header_footer_scripts_panel":"","header_scripts":"","ae7f089061ee947c8413fcf351c6d865":"","header_after_body_scripts":"","3ea13d74d7e39834a4c644ec8d1c1326":"","footer_scripts":""},"aioseo_notices":[],"acf":[],"_links":{"self":[{"href":"https:\/\/tatapack.com\/fr\/wp-json\/wp\/v2\/pages\/3753","targetHints":{"allow":["GET"]}}],"collection":[{"href":"https:\/\/tatapack.com\/fr\/wp-json\/wp\/v2\/pages"}],"about":[{"href":"https:\/\/tatapack.com\/fr\/wp-json\/wp\/v2\/types\/page"}],"author":[{"embeddable":true,"href":"https:\/\/tatapack.com\/fr\/wp-json\/wp\/v2\/users\/2"}],"replies":[{"embeddable":true,"href":"https:\/\/tatapack.com\/fr\/wp-json\/wp\/v2\/comments?post=3753"}],"version-history":[{"count":1,"href":"https:\/\/tatapack.com\/fr\/wp-json\/wp\/v2\/pages\/3753\/revisions"}],"predecessor-version":[{"id":8489,"href":"https:\/\/tatapack.com\/fr\/wp-json\/wp\/v2\/pages\/3753\/revisions\/8489"}],"wp:featuredmedia":[{"embeddable":true,"href":"https:\/\/tatapack.com\/fr\/wp-json\/wp\/v2\/media\/4028"}],"wp:attachment":[{"href":"https:\/\/tatapack.com\/fr\/wp-json\/wp\/v2\/media?parent=3753"}],"curies":[{"name":"wp","href":"https:\/\/api.w.org\/{rel}","templated":true}]}}